{"id":990,"date":"2022-02-08T15:21:15","date_gmt":"2022-02-08T15:21:15","guid":{"rendered":"https:\/\/gtw-gehring.de\/?page_id=990"},"modified":"2023-01-06T20:11:34","modified_gmt":"2023-01-06T20:11:34","slug":"ueber-uns","status":"publish","type":"page","link":"https:\/\/gtw-gehring.de\/?page_id=990","title":{"rendered":"\u00dcber Uns"},"content":{"rendered":"\t\t<div data-elementor-type=\"wp-page\" data-elementor-id=\"990\" class=\"elementor elementor-990\">\n\t\t\t\t<div class=\"elementor-element elementor-element-b3f4e59 e-flex e-con-boxed e-con e-parent\" data-id=\"b3f4e59\" data-element_type=\"container\" data-e-type=\"container\" data-settings=\"{&quot;background_background&quot;:&quot;classic&quot;}\">\n\t\t\t\t\t<div class=\"e-con-inner\">\n\t\t<div class=\"elementor-element elementor-element-3fbe1c4 e-con-full e-flex e-con e-parent\" data-id=\"3fbe1c4\" data-element_type=\"container\" data-e-type=\"container\">\n\t\t\t\t<div class=\"elementor-element elementor-element-4269a2a elementor-widget elementor-widget-uael-advanced-heading\" data-id=\"4269a2a\" data-element_type=\"widget\" data-e-type=\"widget\" data-widget_type=\"uael-advanced-heading.default\">\n\t\t\t\t<div class=\"elementor-widget-container\">\n\t\t\t\t\t\n\t\t<div class=\"uael-module-content uael-heading-wrapper\">\n\t\t\t\t\t\t\n\t\t\t<h1 class=\"uael-heading\">\n\t\t\t\t\t\t\t\t\t\t<span class=\"uael-heading-text elementor-inline-editing uael-size--default\" data-elementor-setting-key=\"heading_title\" data-elementor-inline-editing-toolbar=\"basic\">\u00dcber Uns<\/span>\n\t\t\t\t\t\t\t<\/h1>\n\n\t\t\t\n\t\t\t\n\t\t\t\t\t\t\t<div class=\"uael-subheading elementor-inline-editing\" data-elementor-setting-key=\"heading_description\" data-elementor-inline-editing-toolbar=\"advanced\" >\n\t\t\t\t\tDie Firma Gehring wurde 1963 als Familienunternehmen gegr\u00fcndet und wird nun in dritter Generation gef\u00fchrt.\t\t\t\t<\/div>\n\t\t\t\t\n\t\t\t\t\t\t<\/div>\n\t\t\t\t\t\t<\/div>\n\t\t\t\t<\/div>\n\t\t<div class=\"elementor-element elementor-element-2662e20 e-con-full e-flex e-con e-parent\" data-id=\"2662e20\" data-element_type=\"container\" data-e-type=\"container\">\n\t\t<div class=\"elementor-element elementor-element-d640df4 e-con-full e-flex e-con e-parent\" data-id=\"d640df4\" data-element_type=\"container\" data-e-type=\"container\">\n\t\t\t\t<div class=\"elementor-element elementor-element-bce6e34 elementor-widget elementor-widget-image\" data-id=\"bce6e34\" data-element_type=\"widget\" data-e-type=\"widget\" data-widget_type=\"image.default\">\n\t\t\t\t<div class=\"elementor-widget-container\">\n\t\t\t\t\t\t\t\t\t\t\t\t\t\t\t<img fetchpriority=\"high\" decoding=\"async\" width=\"314\" height=\"231\" src=\"https:\/\/i0.wp.com\/gtw-gehring.de\/wp-content\/uploads\/2021\/12\/loerrach-hauingen_small.jpg?fit=314%2C231&amp;ssl=1\" class=\"attachment-large size-large wp-image-140\" alt=\"\" srcset=\"https:\/\/i0.wp.com\/gtw-gehring.de\/wp-content\/uploads\/2021\/12\/loerrach-hauingen_small.jpg?w=314&amp;ssl=1 314w, https:\/\/i0.wp.com\/gtw-gehring.de\/wp-content\/uploads\/2021\/12\/loerrach-hauingen_small.jpg?resize=300%2C221&amp;ssl=1 300w\" sizes=\"(max-width: 314px) 100vw, 314px\" \/>\t\t\t\t\t\t\t\t\t\t\t\t\t\t\t<\/div>\n\t\t\t\t<\/div>\n\t\t\t\t<\/div>\n\t\t<div class=\"elementor-element elementor-element-65e205b e-con-full e-flex e-con e-parent\" data-id=\"65e205b\" data-element_type=\"container\" data-e-type=\"container\">\n\t\t\t\t<div class=\"elementor-element elementor-element-88be65d elementor-widget elementor-widget-text-editor\" data-id=\"88be65d\" data-element_type=\"widget\" data-e-type=\"widget\" data-widget_type=\"text-editor.default\">\n\t\t\t\t<div class=\"elementor-widget-container\">\n\t\t\t\t\t\t\t\t\tDie Gehring Firmengruppe ist ein Mittelstandsunternehmen, welches dem T\u00e4tigkeitsfeld \n\u00d6l-, Schmierstoff- und Kraftstoffhandel treu geblieben ist. Der Mineral\u00f6lhandel mit eigenem Fuhrpark, das firmeneigene Tankstellennetz mit den dazugeh\u00f6renden Waschanlagen und auch die Sparte der Sonderabfallentsorgung bieten Ihnen eine lohnende Alternative. \t\t\t\t\t\t\t\t<\/div>\n\t\t\t\t<\/div>\n\t\t\t\t<\/div>\n\t\t\t\t<\/div>\n\t\t<div class=\"elementor-element elementor-element-04559bd e-con-full e-flex e-con e-parent\" data-id=\"04559bd\" data-element_type=\"container\" data-e-type=\"container\">\n\t\t\t\t<div class=\"elementor-element elementor-element-82a55ae elementor-widget elementor-widget-text-editor\" data-id=\"82a55ae\" data-element_type=\"widget\" data-e-type=\"widget\" data-widget_type=\"text-editor.default\">\n\t\t\t\t<div class=\"elementor-widget-container\">\n\t\t\t\t\t\t\t\t\tIn der Region, f\u00fcr die Region und <span style=\"text-decoration: underline;\">der Umwelt zuliebe<\/span> sind wir stets f\u00fcr Sie da!\t\t\t\t\t\t\t\t<\/div>\n\t\t\t\t<\/div>\n\t\t\t\t<\/div>\n\t\t\t\t<\/div>\n\t\t\t\t\t<\/div>\n\t\t\t\t<\/div>\n\t\t<div class=\"elementor-element elementor-element-cd565f2 e-flex e-con-boxed e-con e-parent\" data-id=\"cd565f2\" data-element_type=\"container\" data-e-type=\"container\" data-settings=\"{&quot;background_background&quot;:&quot;classic&quot;}\">\n\t\t\t\t\t<div class=\"e-con-inner\">\n\t\t<div class=\"elementor-element elementor-element-8423fc5 e-flex e-con-boxed e-con e-parent\" data-id=\"8423fc5\" data-element_type=\"container\" data-e-type=\"container\">\n\t\t\t\t\t<div class=\"e-con-inner\">\n\t\t<div class=\"elementor-element elementor-element-78c00c0 e-con-full e-flex e-con e-parent\" data-id=\"78c00c0\" data-element_type=\"container\" data-e-type=\"container\" data-settings=\"{&quot;background_background&quot;:&quot;classic&quot;}\">\n\t\t\t\t<div class=\"elementor-element elementor-element-e2f529f elementor-view-default elementor-position-block-start elementor-mobile-position-block-start elementor-widget elementor-widget-icon-box\" data-id=\"e2f529f\" data-element_type=\"widget\" data-e-type=\"widget\" data-widget_type=\"icon-box.default\">\n\t\t\t\t<div class=\"elementor-widget-container\">\n\t\t\t\t\t\t\t<div class=\"elementor-icon-box-wrapper\">\n\n\t\t\t\t\t\t<div class=\"elementor-icon-box-icon\">\n\t\t\t\t<span  class=\"elementor-icon elementor-animation-grow\">\n\t\t\t\t<svg xmlns=\"http:\/\/www.w3.org\/2000\/svg\" viewBox=\"0 0 384 512\"><path d=\"M16 319.1C16 245.9 118.3 89.43 166.9 19.3C179.2 1.585 204.8 1.585 217.1 19.3C265.7 89.43 368 245.9 368 319.1C368 417.2 289.2 496 192 496C94.8 496 16 417.2 16 319.1zM112 319.1C112 311.2 104.8 303.1 96 303.1C87.16 303.1 80 311.2 80 319.1C80 381.9 130.1 432 192 432C200.8 432 208 424.8 208 416C208 407.2 200.8 400 192 400C147.8 400 112 364.2 112 319.1z\"><\/path><\/svg>\t\t\t\t<\/span>\n\t\t\t<\/div>\n\t\t\t\n\t\t\t\t\t\t<div class=\"elementor-icon-box-content\">\n\n\t\t\t\t\t\t\t\t\t<h4 class=\"elementor-icon-box-title\">\n\t\t\t\t\t\t<span  >\n\t\t\t\t\t\t\tMinearl\u00f6lvertrieb\t\t\t\t\t\t<\/span>\n\t\t\t\t\t<\/h4>\n\t\t\t\t\n\t\t\t\t\n\t\t\t<\/div>\n\t\t\t\n\t\t<\/div>\n\t\t\t\t\t\t<\/div>\n\t\t\t\t<\/div>\n\t\t\t\t<div class=\"elementor-element elementor-element-8491b46 elementor-widget elementor-widget-uael-advanced-heading\" data-id=\"8491b46\" data-element_type=\"widget\" data-e-type=\"widget\" data-widget_type=\"uael-advanced-heading.default\">\n\t\t\t\t<div class=\"elementor-widget-container\">\n\t\t\t\t\t\n\t\t<div class=\"uael-module-content uael-heading-wrapper\">\n\t\t\t\t\t\t\n\t\t\t<h2 class=\"uael-heading\">\n\t\t\t\t\t\t\t\t\t\t<span class=\"uael-heading-text elementor-inline-editing uael-size--default\" data-elementor-setting-key=\"heading_title\" data-elementor-inline-editing-toolbar=\"basic\">H. Gehring GmbH Mineral\u00f6lvertrieb\u200b<\/span>\n\t\t\t\t\t\t\t<\/h2>\n\n\t\t\t\n\t\t\t\n\t\t\t\t\t\t\t<div class=\"uael-subheading elementor-inline-editing\" data-elementor-setting-key=\"heading_description\" data-elementor-inline-editing-toolbar=\"advanced\" >\n\t\t\t\t\t<a style=\"text-decoration: none\" href=\"https:\/\/www.google.com\/maps\/place\/Hermann+Gehring+GmbH+Mineral\u00f6lvertrieb\/@47.6404418,7.7047001,17z\/data=!4m13!1m7!3m6!1s0x4791b1b6fc733e0d:0x24954843f8df153b!2sIm+Entenbad+2a,+79541+L\u00f6rrach!3b1!8m2!3d47.6404382!4d7.7068941!3m4!1s0x4791b10470ff3b25:0x4968a609641e30ae!8m2!3d47.6404382!4d7.7068941\" target=\"_blank\" rel=\"noopener\"><i class=\"fas fa-map-marker-alt\"><\/i>  Im Entenbad 2a, 79541 L\u00f6rrach-Hauingen<\/a>\n<br>\n<a style=\"text-decoration: none\" href=\"tel:0762192690\"><i class=\"fas fa-phone-alt\"><\/i>  07621 92690<\/a>\n<br>\n<a target=\"_blank\" rel=\"noopener noreferrer\" style=\"text-decoration: none\" href=\"https:\/\/gehring-mineral\u00f6l.de\"><i class=\"fas fa-globe\"><\/i>  www.gehring-mineral\u00f6l.de<\/a>\n\n\t\t\t\t<\/div>\n\t\t\t\t\n\t\t\t\t\t\t<\/div>\n\t\t\t\t\t\t<\/div>\n\t\t\t\t<\/div>\n\t\t\t\t<\/div>\n\t\t<div class=\"elementor-element elementor-element-7baad3b e-con-full e-flex e-con e-parent\" data-id=\"7baad3b\" data-element_type=\"container\" data-e-type=\"container\" data-settings=\"{&quot;background_background&quot;:&quot;classic&quot;}\">\n\t\t\t\t<div class=\"elementor-element elementor-element-2b2ffcf elementor-view-default elementor-position-block-start elementor-mobile-position-block-start elementor-widget elementor-widget-icon-box\" data-id=\"2b2ffcf\" data-element_type=\"widget\" data-e-type=\"widget\" data-widget_type=\"icon-box.default\">\n\t\t\t\t<div class=\"elementor-widget-container\">\n\t\t\t\t\t\t\t<div class=\"elementor-icon-box-wrapper\">\n\n\t\t\t\t\t\t<div class=\"elementor-icon-box-icon\">\n\t\t\t\t<span  class=\"elementor-icon elementor-animation-grow\">\n\t\t\t\t<i aria-hidden=\"true\" class=\"fas fa-gas-pump\"><\/i>\t\t\t\t<\/span>\n\t\t\t<\/div>\n\t\t\t\n\t\t\t\t\t\t<div class=\"elementor-icon-box-content\">\n\n\t\t\t\t\t\t\t\t\t<h4 class=\"elementor-icon-box-title\">\n\t\t\t\t\t\t<span  >\n\t\t\t\t\t\t\tTanken\t\t\t\t\t\t<\/span>\n\t\t\t\t\t<\/h4>\n\t\t\t\t\n\t\t\t\t\n\t\t\t<\/div>\n\t\t\t\n\t\t<\/div>\n\t\t\t\t\t\t<\/div>\n\t\t\t\t<\/div>\n\t\t\t\t<div class=\"elementor-element elementor-element-326c00c elementor-widget elementor-widget-uael-advanced-heading\" data-id=\"326c00c\" data-element_type=\"widget\" data-e-type=\"widget\" data-widget_type=\"uael-advanced-heading.default\">\n\t\t\t\t<div class=\"elementor-widget-container\">\n\t\t\t\t\t\n\t\t<div class=\"uael-module-content uael-heading-wrapper\">\n\t\t\t\t\t\t\n\t\t\t<h2 class=\"uael-heading\">\n\t\t\t\t\t\t\t\t\t\t<span class=\"uael-heading-text elementor-inline-editing uael-size--default\" data-elementor-setting-key=\"heading_title\" data-elementor-inline-editing-toolbar=\"basic\">Gehring Tankstellen<\/span>\n\t\t\t\t\t\t\t<\/h2>\n\n\t\t\t\n\t\t\t\n\t\t\t\t\t\t\t<div class=\"uael-subheading elementor-inline-editing\" data-elementor-setting-key=\"heading_description\" data-elementor-inline-editing-toolbar=\"advanced\" >\n\t\t\t\t\t<i class=\"fas fa-map-marker-alt\"><\/I> L\u00f6rrach, Hauingen, Kandern, Rheinfelden\n<br>\n<a style=\"text-decoration: none\" href=\"tel:0762192710\"><i class=\"fas fa-phone-alt\"><\/i> 07621 92710<\/a>\n<br>\n<a target=\"_blank\" rel=\"noopener noreferrer\" style=\"text-decoration: none\" href=\"https:\/\/www.gtw-gehring.de\"><i class=\"fas fa-globe\"><\/i>  www.gtw-gehring.de<\/a>\n\n\t\t\t\t<\/div>\n\t\t\t\t\n\t\t\t\t\t\t<\/div>\n\t\t\t\t\t\t<\/div>\n\t\t\t\t<\/div>\n\t\t\t\t<\/div>\n\t\t<div class=\"elementor-element elementor-element-00b478d e-con-full e-flex e-con e-parent\" data-id=\"00b478d\" data-element_type=\"container\" data-e-type=\"container\" data-settings=\"{&quot;background_background&quot;:&quot;classic&quot;}\">\n\t\t\t\t<div class=\"elementor-element elementor-element-30859fe elementor-view-default elementor-position-block-start elementor-mobile-position-block-start elementor-widget elementor-widget-icon-box\" data-id=\"30859fe\" data-element_type=\"widget\" data-e-type=\"widget\" data-widget_type=\"icon-box.default\">\n\t\t\t\t<div class=\"elementor-widget-container\">\n\t\t\t\t\t\t\t<div class=\"elementor-icon-box-wrapper\">\n\n\t\t\t\t\t\t<div class=\"elementor-icon-box-icon\">\n\t\t\t\t<span  class=\"elementor-icon elementor-animation-grow\">\n\t\t\t\t<i aria-hidden=\"true\" class=\"fas fa-trash-alt\"><\/i>\t\t\t\t<\/span>\n\t\t\t<\/div>\n\t\t\t\n\t\t\t\t\t\t<div class=\"elementor-icon-box-content\">\n\n\t\t\t\t\t\t\t\t\t<h4 class=\"elementor-icon-box-title\">\n\t\t\t\t\t\t<span  >\n\t\t\t\t\t\t\tEntsorgen\t\t\t\t\t\t<\/span>\n\t\t\t\t\t<\/h4>\n\t\t\t\t\n\t\t\t\t\n\t\t\t<\/div>\n\t\t\t\n\t\t<\/div>\n\t\t\t\t\t\t<\/div>\n\t\t\t\t<\/div>\n\t\t\t\t<div class=\"elementor-element elementor-element-7b3326e elementor-widget elementor-widget-uael-advanced-heading\" data-id=\"7b3326e\" data-element_type=\"widget\" data-e-type=\"widget\" data-widget_type=\"uael-advanced-heading.default\">\n\t\t\t\t<div class=\"elementor-widget-container\">\n\t\t\t\t\t\n\t\t<div class=\"uael-module-content uael-heading-wrapper\">\n\t\t\t\t\t\t\n\t\t\t<h2 class=\"uael-heading\">\n\t\t\t\t\t\t\t\t\t\t<span class=\"uael-heading-text elementor-inline-editing uael-size--default\" data-elementor-setting-key=\"heading_title\" data-elementor-inline-editing-toolbar=\"basic\">H. Gehring und S\u00f6hne Entsorgungsgesellschaft mbH L\u00f6rrach<\/span>\n\t\t\t\t\t\t\t<\/h2>\n\n\t\t\t\n\t\t\t\n\t\t\t\t\t\t\t<div class=\"uael-subheading elementor-inline-editing\" data-elementor-setting-key=\"heading_description\" data-elementor-inline-editing-toolbar=\"advanced\" >\n\t\t\t\t\t<a style=\"text-decoration: none\" href=\"https:\/\/www.google.com\/maps\/place\/Im+Entenbad+2a,+79541+L\u00f6rrach\/@47.6404418,7.7047001,17z\/data=!3m1!4b1!4m5!3m4!1s0x4791b1b6fc733e0d:0x24954843f8df153b!8m2!3d47.6404382!4d7.7068941\" target=\"_blank\" rel=\"noopener\"><i class=\"fas fa-map-marker-alt\"><\/i>  Im Entenbad 2a, 79541 L\u00f6rrach-Hauingen<\/a>\n<br>\n<a style=\"text-decoration: none\" href=\"tel:07621 926920\"><i class=\"fas fa-phone-alt\"><\/i> 07621 926920<\/a>\n<br>\n<a target=\"_blank\" rel=\"noopener noreferrer\" style=\"text-decoration: none\" href=\"https:\/\/gehring-gmbh.de\"><i class=\"fas fa-globe\"><\/i>  www.gehring-gmbh.de<\/a>\n\n\t\t\t\t<\/div>\n\t\t\t\t\n\t\t\t\t\t\t<\/div>\n\t\t\t\t\t\t<\/div>\n\t\t\t\t<\/div>\n\t\t\t\t<\/div>\n\t\t\t\t\t<\/div>\n\t\t\t\t<\/div>\n\t\t\t\t\t<\/div>\n\t\t\t\t<\/div>\n\t\t\t\t<\/div>\n\t\t","protected":false},"excerpt":{"rendered":"<p>\u00dcber Uns Die Firma Gehring wurde 1963 als Familienunternehmen gegr\u00fcndet und wird nun in dritter Generation gef\u00fchrt. Die Gehring Firmengruppe ist ein Mittelstandsunternehmen, welches dem T\u00e4tigkeitsfeld \u00d6l-, Schmierstoff- und Kraftstoffhandel treu geblieben ist. Der Mineral\u00f6lhandel mit eigenem Fuhrpark, das firmeneigene Tankstellennetz mit den dazugeh\u00f6renden Waschanlagen und auch die Sparte der Sonderabfallentsorgung bieten Ihnen eine lohnende [&hellip;]<\/p>\n","protected":false},"author":1,"featured_media":0,"parent":0,"menu_order":0,"comment_status":"closed","ping_status":"closed","template":"","meta":{"site-sidebar-layout":"no-sidebar","site-content-layout":"page-builder","ast-site-content-layout":"default","site-content-style":"default","site-sidebar-style":"default","ast-global-header-display":"","ast-banner-title-visibility":"","ast-main-header-display":"","ast-hfb-above-header-display":"","ast-hfb-below-header-display":"","ast-hfb-mobile-header-display":"","site-post-title":"disabled","ast-breadcrumbs-content":"","ast-featured-img":"disabled","footer-sml-layout":"","ast-disable-related-posts":"","theme-transparent-header-meta":"","adv-header-id-meta":"","stick-header-meta":"","header-above-stick-meta":"","header-main-stick-meta":"","header-below-stick-meta":"","astra-migrate-meta-layouts":"default","ast-page-background-enabled":"default","ast-page-background-meta":{"desktop":{"background-color":"var(--ast-global-color-4)","background-image":"","background-repeat":"repeat","background-position":"center center","background-size":"auto","background-attachment":"scroll","background-type":"","background-media":"","overlay-type":"","overlay-color":"","overlay-opacity":"","overlay-gradient":""},"tablet":{"background-color":"","background-image":"","background-repeat":"repeat","background-position":"center center","background-size":"auto","background-attachment":"scroll","background-type":"","background-media":"","overlay-type":"","overlay-color":"","overlay-opacity":"","overlay-gradient":""},"mobile":{"background-color":"","background-image":"","background-repeat":"repeat","background-position":"center center","background-size":"auto","background-attachment":"scroll","background-type":"","background-media":"","overlay-type":"","overlay-color":"","overlay-opacity":"","overlay-gradient":""}},"ast-content-background-meta":{"desktop":{"background-color":"var(--ast-global-color-5)","background-image":"","background-repeat":"repeat","background-position":"center center","background-size":"auto","background-attachment":"scroll","background-type":"","background-media":"","overlay-type":"","overlay-color":"","overlay-opacity":"","overlay-gradient":""},"tablet":{"background-color":"var(--ast-global-color-5)","background-image":"","background-repeat":"repeat","background-position":"center center","background-size":"auto","background-attachment":"scroll","background-type":"","background-media":"","overlay-type":"","overlay-color":"","overlay-opacity":"","overlay-gradient":""},"mobile":{"background-color":"var(--ast-global-color-5)","background-image":"","background-repeat":"repeat","background-position":"center center","background-size":"auto","background-attachment":"scroll","background-type":"","background-media":"","overlay-type":"","overlay-color":"","overlay-opacity":"","overlay-gradient":""}},"footnotes":""},"class_list":["post-990","page","type-page","status-publish","hentry"],"_links":{"self":[{"href":"https:\/\/gtw-gehring.de\/index.php?rest_route=\/wp\/v2\/pages\/990","targetHints":{"allow":["GET"]}}],"collection":[{"href":"https:\/\/gtw-gehring.de\/index.php?rest_route=\/wp\/v2\/pages"}],"about":[{"href":"https:\/\/gtw-gehring.de\/index.php?rest_route=\/wp\/v2\/types\/page"}],"author":[{"embeddable":true,"href":"https:\/\/gtw-gehring.de\/index.php?rest_route=\/wp\/v2\/users\/1"}],"replies":[{"embeddable":true,"href":"https:\/\/gtw-gehring.de\/index.php?rest_route=%2Fwp%2Fv2%2Fcomments&post=990"}],"version-history":[{"count":5,"href":"https:\/\/gtw-gehring.de\/index.php?rest_route=\/wp\/v2\/pages\/990\/revisions"}],"predecessor-version":[{"id":2828,"href":"https:\/\/gtw-gehring.de\/index.php?rest_route=\/wp\/v2\/pages\/990\/revisions\/2828"}],"wp:attachment":[{"href":"https:\/\/gtw-gehring.de\/index.php?rest_route=%2Fwp%2Fv2%2Fmedia&parent=990"}],"curies":[{"name":"wp","href":"https:\/\/api.w.org\/{rel}","templated":true}]}}